{"id":4586,"date":"2017-12-25T10:58:08","date_gmt":"2017-12-25T10:58:08","guid":{"rendered":"https:\/\/www.dronecare.com.tr\/iletisim\/"},"modified":"2025-09-20T13:44:30","modified_gmt":"2025-09-20T13:44:30","slug":"contact-us","status":"publish","type":"page","link":"https:\/\/www.dronecare.com.tr\/en\/contact-us\/","title":{"rendered":"Contact Us"},"content":{"rendered":"<div class=\"bt_bb_wrapper\"><section id=\"bt_bb_section69f47bf0cead2\" data-parallax=\"0.6\" data-parallax-offset=\"0\" data-background_image_src=\"'https:\/\/www.dronecare.com.tr\/wp-content\/uploads\/2021\/04\/DJI_0017-scaled.jpg'\" class=\"bt_bb_section bt_bb_top_spacing_extra_large bt_bb_bottom_spacing_large bt_bb_color_scheme_1 bt_bb_layout_boxed_1200 bt_bb_vertical_align_top btLazyLoadBackground bt_bb_background_image bt_bb_parallax bt_bb_background_overlay_dark_solid\" style=\"background-image:url(&#039;https:\/\/www.dronecare.com.tr\/wp-content\/plugins\/bold-page-builder\/img\/blank.gif&#039;);\"><div class=\"bt_bb_port\"><div class=\"bt_bb_cell\"><div class=\"bt_bb_cell_inner\"><div class=\"bt_bb_row_wrapper\"><div  class=\"bt_bb_row\" ><div  class=\"bt_bb_column col-xl-8 bt_bb_align_left bt_bb_vertical_align_bottom bt_bb_animation_fade_in animate bt_bb_padding_normal\"  data-width=\"8\" data-bt-override-class=\"{}\"><div class=\"bt_bb_column_content\"><header class=\"bt_bb_headline bt_bb_dash_none bt_bb_size_extralarge bt_bb_subheadline bt_bb_align_inherit\" data-bt-override-class=\"{&quot;bt_bb_size_&quot;:{&quot;current_class&quot;:&quot;bt_bb_size_extralarge&quot;,&quot;xl&quot;:&quot;extralarge&quot;},&quot;bt_bb_align_&quot;:{&quot;current_class&quot;:&quot;bt_bb_align_inherit&quot;,&quot;xl&quot;:&quot;inherit&quot;}}\"><h1 class=\"bt_bb_headline_tag\"><span class=\"bt_bb_headline_content\"><span>Contact Us<\/span><\/span><\/h1><div class=\"bt_bb_headline_subheadline\">You can contact us for more information.<\/div><\/header><\/div><\/div><div  class=\"bt_bb_column col-xl-4 bt_bb_align_left bt_bb_vertical_align_top bt_bb_padding_normal\"  data-width=\"4\" data-bt-override-class=\"{}\"><div class=\"bt_bb_column_content\"><\/div><\/div><\/div><\/div><\/div><\/div><\/div><\/section><section id=\"bt_bb_section69f47bf0cebb9\"  class=\"bt_bb_section bt_bb_top_spacing_large bt_bb_bottom_spacing_medium bt_bb_layout_boxed_1200 bt_bb_vertical_align_top\" ><div class=\"bt_bb_port\"><div class=\"bt_bb_cell\"><div class=\"bt_bb_cell_inner\"><div class=\"bt_bb_row_wrapper\"><div  class=\"bt_bb_row bt_bb_column_gap_50\" ><div  class=\"bt_bb_column col-xl-6 bt_bb_align_left bt_bb_vertical_align_top bt_bb_animation_fade_in animate bt_bb_padding_normal\"  data-width=\"6\" data-bt-override-class=\"{}\"><div class=\"bt_bb_column_content\"><header class=\"bt_bb_headline bt_bb_dash_none bt_bb_size_large bt_bb_superheadline bt_bb_subheadline bt_bb_align_inherit\" data-bt-override-class=\"{&quot;bt_bb_size_&quot;:{&quot;current_class&quot;:&quot;bt_bb_size_large&quot;,&quot;xl&quot;:&quot;large&quot;},&quot;bt_bb_align_&quot;:{&quot;current_class&quot;:&quot;bt_bb_align_inherit&quot;,&quot;xl&quot;:&quot;inherit&quot;}}\"><h2 class=\"bt_bb_headline_tag\"><span class=\"bt_bb_headline_superheadline\">Dronecare<\/span><span class=\"bt_bb_headline_content\"><span>Communication Line<\/span><\/span><\/h2><div class=\"bt_bb_headline_subheadline\">You can contact us by filling out the form on the right and you can get detailed information about our work.<\/div><\/header><div class=\"bt_bb_separator bt_bb_bottom_spacing_normal bt_bb_border_style_none\"><\/div><div  class=\"bt_bb_row_inner\" ><div  class=\"bt_bb_column_inner col-xl-6 bt_bb_align_left bt_bb_vertical_align_top\"  data-width=\"6\" data-bt-override-class=\"{}\"><div class=\"bt_bb_column_inner_content\"><div class=\"bt_bb_service bt_bb_style_borderless bt_bb_size_normal bt_bb_shape_circle bt_bb_align_inherit\"><div class=\"bt_bb_service_content\"><a href=\"https:\/\/www.google.com\/maps\/place\/DroneCARE+A.%C5%9E.+-+Ofis\/@41.0012122,29.0527946,17z\/data=!3m1!4b1!4m5!3m4!1s0x14cac7ba9c85f58b:0xd1a303b353888ab2!8m2!3d41.0012122!4d29.0549833\" target=\"_self\" title=\"_self\" data-ico-essential=\"&#xe9bb;\" class=\"bt_bb_icon_holder\" rel=\"noopener\"><\/a><div class=\"bt_bb_service_content_title\"><a href=\"https:\/\/www.google.com\/maps\/place\/DroneCARE+A.%C5%9E.+-+Ofis\/@41.0012122,29.0527946,17z\/data=!3m1!4b1!4m5!3m4!1s0x14cac7ba9c85f58b:0xd1a303b353888ab2!8m2!3d41.0012122!4d29.0549833\" target=\"_self\" rel=\"noopener\">Office Address<\/a><\/div><\/div><div class=\"bt_bb_service_content_text\">Ac\u0131badem Mah. \u00c7e\u00e7en Sk. Akasya A(Kule) Blok No:25 A\/150 \u00dcsk\u00fcdar \/ Istanbul 34660<\/div><\/div><div class=\"bt_bb_separator bt_bb_bottom_spacing_normal bt_bb_border_style_none\"><\/div><div class=\"bt_bb_service bt_bb_style_borderless bt_bb_size_normal bt_bb_shape_circle bt_bb_align_inherit\"><div class=\"bt_bb_service_content\"><a href=\"https:\/\/g.page\/r\/CddG1ItCAn8kEAE\" target=\"_self\" title=\"_self\" data-ico-icon7stroke=\"&#xe638;\" class=\"bt_bb_icon_holder\"><\/a><div class=\"bt_bb_service_content_title\"><a href=\"https:\/\/g.page\/r\/CddG1ItCAn8kEAE\" target=\"_self\">Workshop Address<\/a><\/div><\/div><div class=\"bt_bb_service_content_text\">Huzur Mahallesi Fatih Caddesi No:119\/5 PK:34485 Seyrantepe \/<br \/>\r\nISTANBUL<\/div><\/div><div class=\"bt_bb_separator bt_bb_bottom_spacing_normal bt_bb_border_style_none\"><\/div><\/div><\/div><div  class=\"bt_bb_column_inner col-xl-6 bt_bb_align_left bt_bb_vertical_align_top\"  data-width=\"6\" data-bt-override-class=\"{}\"><div class=\"bt_bb_column_inner_content\"><div class=\"bt_bb_service bt_bb_style_borderless bt_bb_size_normal bt_bb_shape_circle bt_bb_align_inherit\"><div class=\"bt_bb_service_content\"><span  data-ico-essential=\"&#xe9bb;\" class=\"bt_bb_icon_holder\"><\/span><div class=\"bt_bb_service_content_title\">Germany Office<\/div><\/div><div class=\"bt_bb_service_content_text\">DroneCARE GmbH<br \/>\r\nFriedricstr. 155, 10117 \/ Berlin<\/div><\/div><div class=\"bt_bb_separator bt_bb_bottom_spacing_normal bt_bb_border_style_none\"><\/div><div class=\"bt_bb_service bt_bb_style_borderless bt_bb_size_normal bt_bb_shape_circle bt_bb_align_inherit\"><div class=\"bt_bb_service_content\"><span  data-ico-icon7stroke=\"&#xe627;\" class=\"bt_bb_icon_holder\"><\/span><div class=\"bt_bb_service_content_title\">Phone<\/div><\/div><div class=\"bt_bb_service_content_text\">+90 216 709 97 28<\/div><\/div><div class=\"bt_bb_separator bt_bb_bottom_spacing_normal bt_bb_border_style_none\"><\/div><div class=\"bt_bb_service bt_bb_style_borderless bt_bb_size_normal bt_bb_shape_circle bt_bb_align_inherit\"><div class=\"bt_bb_service_content\"><span  data-ico-essential=\"&#xe964;\" class=\"bt_bb_icon_holder\"><\/span><div class=\"bt_bb_service_content_title\">Fax<\/div><\/div><div class=\"bt_bb_service_content_text\">+90 850 522 34 03<\/div><\/div><\/div><\/div><\/div><div class=\"bt_bb_image bt_bb_shape_square bt_bb_align_inherit bt_bb_hover_style_simple bt_bb_content_display_always bt_bb_content_align_middle\" data-bt-override-class=\"{&quot;bt_bb_align_&quot;:{&quot;current_class&quot;:&quot;bt_bb_align_inherit&quot;,&quot;xl&quot;:&quot;inherit&quot;}}\"><span><img width=\"1894\" height=\"1260\" src=\"https:\/\/www.dronecare.com.tr\/wp-content\/uploads\/2021\/03\/akasyaofis.jpg\" class=\"attachment-full size-full\" alt=\"https:\/\/www.dronecare.com.tr\/wp-content\/uploads\/2021\/03\/akasyaofis.jpg\" decoding=\"async\" data-full_image_src=\"https:\/\/www.dronecare.com.tr\/wp-content\/uploads\/2021\/03\/akasyaofis.jpg\" title=\"akasyaofis\" srcset=\"https:\/\/www.dronecare.com.tr\/wp-content\/uploads\/2021\/03\/akasyaofis.jpg 1894w, https:\/\/www.dronecare.com.tr\/wp-content\/uploads\/2021\/03\/akasyaofis-640x426.jpg 640w, https:\/\/www.dronecare.com.tr\/wp-content\/uploads\/2021\/03\/akasyaofis-1280x852.jpg 1280w, https:\/\/www.dronecare.com.tr\/wp-content\/uploads\/2021\/03\/akasyaofis-768x511.jpg 768w, https:\/\/www.dronecare.com.tr\/wp-content\/uploads\/2021\/03\/akasyaofis-1536x1022.jpg 1536w, https:\/\/www.dronecare.com.tr\/wp-content\/uploads\/2021\/03\/akasyaofis-320x213.jpg 320w\" sizes=\"(max-width: 1894px) 100vw, 1894px\" \/><\/span><\/div><div class=\"bt_bb_separator bt_bb_bottom_spacing_medium bt_bb_border_style_none\"><\/div><div class=\"bt_bb_image bt_bb_shape_square bt_bb_align_inherit bt_bb_hover_style_simple bt_bb_content_display_always bt_bb_content_align_middle\" data-bt-override-class=\"{&quot;bt_bb_align_&quot;:{&quot;current_class&quot;:&quot;bt_bb_align_inherit&quot;,&quot;xl&quot;:&quot;inherit&quot;}}\"><span><img width=\"1600\" height=\"1200\" src=\"https:\/\/www.dronecare.com.tr\/wp-content\/uploads\/2021\/03\/atolye-rotated.jpeg\" class=\"attachment-full size-full\" alt=\"https:\/\/www.dronecare.com.tr\/wp-content\/uploads\/2021\/03\/atolye-rotated.jpeg\" decoding=\"async\" data-full_image_src=\"https:\/\/www.dronecare.com.tr\/wp-content\/uploads\/2021\/03\/atolye-rotated.jpeg\" title=\"at\u00f6lye\" srcset=\"https:\/\/www.dronecare.com.tr\/wp-content\/uploads\/2021\/03\/atolye-rotated.jpeg 1600w, https:\/\/www.dronecare.com.tr\/wp-content\/uploads\/2021\/03\/atolye-640x480.jpeg 640w, https:\/\/www.dronecare.com.tr\/wp-content\/uploads\/2021\/03\/atolye-1280x960.jpeg 1280w, https:\/\/www.dronecare.com.tr\/wp-content\/uploads\/2021\/03\/atolye-768x576.jpeg 768w, https:\/\/www.dronecare.com.tr\/wp-content\/uploads\/2021\/03\/atolye-1536x1152.jpeg 1536w, https:\/\/www.dronecare.com.tr\/wp-content\/uploads\/2021\/03\/atolye-320x240.jpeg 320w\" sizes=\"(max-width: 1600px) 100vw, 1600px\" \/><\/span><\/div><\/div><\/div><div  class=\"bt_bb_column col-xl-6 bt_bb_align_left bt_bb_vertical_align_top bt_bb_animation_fade_in animate bt_bb_padding_normal\"  data-width=\"6\" data-bt-override-class=\"{}\"><div class=\"bt_bb_column_content\"><div  class=\"bt_bb_text\" ><div role=\"form\" class=\"wpcf7\" id=\"wpcf7-f3885-o1\" lang=\"en-US\" dir=\"ltr\">\n<div class=\"screen-reader-response\"><p role=\"status\" aria-live=\"polite\" aria-atomic=\"true\"><\/p> <ul><\/ul><\/div>\n<form action=\"\/en\/wp-json\/wp\/v2\/pages\/4586#wpcf7-f3885-o1\" method=\"post\" class=\"wpcf7-form init\" novalidate=\"novalidate\" data-status=\"init\">\n<div style=\"display: none;\">\n<input type=\"hidden\" name=\"_wpcf7\" value=\"3885\" \/>\n<input type=\"hidden\" name=\"_wpcf7_version\" value=\"5.3.2\" \/>\n<input type=\"hidden\" name=\"_wpcf7_locale\" value=\"en_US\" \/>\n<input type=\"hidden\" name=\"_wpcf7_unit_tag\" value=\"wpcf7-f3885-o1\" \/>\n<input type=\"hidden\" name=\"_wpcf7_container_post\" value=\"0\" \/>\n<input type=\"hidden\" name=\"_wpcf7_posted_data_hash\" value=\"\" \/>\n<\/div>\n<p><label> Your Name (required)<br \/>\n    <span class=\"wpcf7-form-control-wrap your-name\"><input type=\"text\" name=\"your-name\" value=\"\" size=\"40\" class=\"wpcf7-form-control wpcf7-text wpcf7-validates-as-required\" aria-required=\"true\" aria-invalid=\"false\" \/><\/span> <\/label><\/p>\n<p><label> Your Email (required)<br \/>\n    <span class=\"wpcf7-form-control-wrap your-email\"><input type=\"email\" name=\"your-email\" value=\"\" size=\"40\" class=\"wpcf7-form-control wpcf7-text wpcf7-email wpcf7-validates-as-required wpcf7-validates-as-email\" aria-required=\"true\" aria-invalid=\"false\" \/><\/span> <\/label><\/p>\n<p><label> Subject<br \/>\n    <span class=\"wpcf7-form-control-wrap your-subject\"><input type=\"text\" name=\"your-subject\" value=\"\" size=\"40\" class=\"wpcf7-form-control wpcf7-text\" aria-invalid=\"false\" \/><\/span> <\/label><\/p>\n<p><label> Your Message<br \/>\n    <span class=\"wpcf7-form-control-wrap your-message\"><textarea name=\"your-message\" cols=\"40\" rows=\"10\" class=\"wpcf7-form-control wpcf7-textarea\" aria-invalid=\"false\"><\/textarea><\/span> <\/label><\/p>\n<p><input type=\"submit\" value=\"Send\" class=\"wpcf7-form-control wpcf7-submit\" \/><\/p>\n<div class=\"wpcf7-response-output\" aria-hidden=\"true\"><\/div><\/form><\/div><\/div><\/div><\/div><\/div><\/div><\/div><\/div><\/div><\/section><\/div>","protected":false},"excerpt":{"rendered":"","protected":false},"author":2,"featured_media":0,"parent":0,"menu_order":0,"comment_status":"closed","ping_status":"closed","template":"","meta":[],"_links":{"self":[{"href":"https:\/\/www.dronecare.com.tr\/en\/wp-json\/wp\/v2\/pages\/4586"}],"collection":[{"href":"https:\/\/www.dronecare.com.tr\/en\/wp-json\/wp\/v2\/pages"}],"about":[{"href":"https:\/\/www.dronecare.com.tr\/en\/wp-json\/wp\/v2\/types\/page"}],"author":[{"embeddable":true,"href":"https:\/\/www.dronecare.com.tr\/en\/wp-json\/wp\/v2\/users\/2"}],"replies":[{"embeddable":true,"href":"https:\/\/www.dronecare.com.tr\/en\/wp-json\/wp\/v2\/comments?post=4586"}],"version-history":[{"count":6,"href":"https:\/\/www.dronecare.com.tr\/en\/wp-json\/wp\/v2\/pages\/4586\/revisions"}],"predecessor-version":[{"id":4850,"href":"https:\/\/www.dronecare.com.tr\/en\/wp-json\/wp\/v2\/pages\/4586\/revisions\/4850"}],"wp:attachment":[{"href":"https:\/\/www.dronecare.com.tr\/en\/wp-json\/wp\/v2\/media?parent=4586"}],"curies":[{"name":"wp","href":"https:\/\/api.w.org\/{rel}","templated":true}]}}