{"id":4551,"date":"2021-05-08T08:40:26","date_gmt":"2021-05-08T08:40:26","guid":{"rendered":"https:\/\/www.dronecare.com.tr\/?page_id=4551"},"modified":"2024-04-03T20:53:18","modified_gmt":"2024-04-03T20:53:18","slug":"about-us","status":"publish","type":"page","link":"https:\/\/www.dronecare.com.tr\/en\/about-us\/","title":{"rendered":"About Us"},"content":{"rendered":"<div class=\"bt_bb_wrapper\"><section id=\"bt_bb_section69f47bf56c6fc\" data-parallax=\"0.7\" data-parallax-offset=\"0\" class=\"bt_bb_section bt_bb_top_spacing_extra_large bt_bb_bottom_spacing_large bt_bb_color_scheme_1 bt_bb_layout_boxed_1200 bt_bb_vertical_align_top bt_bb_background_image bt_bb_parallax bt_bb_background_overlay_dark_solid\" style=\"background-image:url(&#039;https:\/\/www.dronecare.com.tr\/wp-content\/uploads\/2018\/01\/inner_image_02.jpg&#039;);\"><div class=\"bt_bb_port\"><div class=\"bt_bb_cell\"><div class=\"bt_bb_cell_inner\"><div class=\"bt_bb_row_wrapper\"><div  class=\"bt_bb_row\" ><div  class=\"bt_bb_column col-xl-8 bt_bb_align_left bt_bb_vertical_align_middle bt_bb_animation_fade_in animate bt_bb_padding_normal bt_bb_triangle_no\"  data-width=\"8\" data-bt-override-class=\"{}\"><div class=\"bt_bb_column_content\"><header class=\"bt_bb_headline bt_bb_dash_none bt_bb_size_extralarge bt_bb_subheadline bt_bb_align_inherit\" data-bt-override-class=\"{&quot;bt_bb_size_&quot;:{&quot;current_class&quot;:&quot;bt_bb_size_extralarge&quot;,&quot;xl&quot;:&quot;extralarge&quot;},&quot;bt_bb_align_&quot;:{&quot;current_class&quot;:&quot;bt_bb_align_inherit&quot;,&quot;xl&quot;:&quot;inherit&quot;}}\"><h1 class=\"bt_bb_headline_tag\"><span class=\"bt_bb_headline_content\"><span>About Us<\/span><\/span><\/h1><div class=\"bt_bb_headline_subheadline\">We are developing to grow your business with unmanned aerial vehicles.<\/div><\/header><\/div><div class=\"bt_bb_column_triangle_box\" ><\/div><\/div><div  class=\"bt_bb_column col-xl-4 bt_bb_align_left bt_bb_vertical_align_top bt_bb_padding_normal\"  data-width=\"4\" data-bt-override-class=\"{}\"><div class=\"bt_bb_column_content\"><\/div><\/div><\/div><\/div><\/div><\/div><\/div><\/section><section id=\"bt_bb_section69f47bf56c7c0\"  class=\"bt_bb_section bt_bb_top_spacing_large bt_bb_bottom_spacing_large bt_bb_layout_boxed_1200 bt_bb_vertical_align_top bt_bb_hidden_xs bt_bb_hidden_ms bt_bb_hidden_sm bt_bb_hidden_md bt_bb_hidden_lg\" ><div class=\"bt_bb_port\"><div class=\"bt_bb_cell\"><div class=\"bt_bb_cell_inner\"><div class=\"bt_bb_row_wrapper\"><div  class=\"bt_bb_row\" ><div  class=\"bt_bb_column col-xl-8 bt_bb_align_left bt_bb_vertical_align_top bt_bb_animation_fade_in animate bt_bb_padding_normal\"  data-width=\"8\" data-bt-override-class=\"{}\"><div class=\"bt_bb_column_content\"><div class=\"bt_bb_tabs bt_bb_color_scheme_11 bt_bb_style_outline bt_bb_shape_rounded\"><ul class=\"bt_bb_tabs_header\"><li><span>Misyonumuz<\/span><\/li><li><span>Vizyonumuz<\/span><\/li><li><span>Biz Kimiz?<\/span><\/li><\/ul><div class=\"bt_bb_tabs_tabs\"><div class=\"bt_bb_tab_item\">\r\n\t\t\t<div class=\"bt_bb_tab_content\"><div  class=\"bt_bb_text\" ><p class=\"td1\">1995 y\u0131l\u0131ndan bu yana hizmet veren IKARUS Havac\u0131l\u0131k b\u00fcnyesinde kurulan Dronecare 2016 y\u0131l\u0131ndan beri bir \u00e7ok konuda End\u00fcstriyel Teknolojik \u00c7\u00f6z\u00fcm hizmetlerine devam etmektedir.\u00a0 DroneCare olarak misyonumuz halihaz\u0131rda sahip oldu\u011fu teknoloji, bu teknolojiyi kullanabilme becerisi ve m\u00fc\u015fterilerine sunarken ki titizli\u011finden yola \u00e7\u0131karak t\u00fcm d\u00fcnyada \u00e7ok h\u0131zl\u0131 ilerleyen ve her ge\u00e7en g\u00fcn daha geni\u015f bir tabana yay\u0131larak geni\u015fleyen insans\u0131z ara\u00e7 servis yelpazesini\u00a0 m\u00fc\u015fterilerine en \u00fcst kalitede ve ciddiyette sunabiliyor olmak. Pazar\u0131n hizmet projelerinde sadece T\u00fcrkiye\u2019de de\u011fil b\u00f6lgede,\u00a0 sekt\u00f6rde belirleyici yap\u0131lardan birisi haline gelmek.<\/p>\n<\/div><\/div>\r\n\t\t<\/div><div class=\"bt_bb_tab_item\">\r\n\t\t\t<div class=\"bt_bb_tab_content\"><div  class=\"bt_bb_text\" ><p>1-\u00a0 Teknolojik insanl\u0131 &amp;\u00a0 insans\u0131z ara\u00e7lar\u0131n geli\u015fimlerini yak\u0131ndan takip etmek.\u00a0 Yeni teknolojileri kendi potas\u0131nda eritmek ve onlar\u0131 bir ad\u0131m ileriye do\u011fru geli\u015ftirmek.<\/p>\n<p>2-\u00a0 Yenilebilir enerji sekt\u00f6r\u00fc, do\u011falgaz, petrol, k\u00f6m\u00fcr, n\u00fckleer gibi di\u011fer enerji sekt\u00f6rlerinde ve t\u00fcm sanayi konular\u0131nda insans\u0131z ara\u00e7lar\u0131n hizmet kapasitelerini ara\u015ft\u0131rmak , sekt\u00f6r\u00fcn\u00a0 ihtiya\u00e7lar\u0131n\u0131 belirlemek, belirlenen ihtiya\u00e7lar do\u011frultusunda \u00fcr\u00fcnler olu\u015fturabilmek.<\/p>\n<p>3-\u00a0 Tar\u0131m , madencilik , kent , karayollar\u0131, arazi, tapu ve kadastro, lojistik, \u0130\u00e7 g\u00fcvenlik, ara\u00e7 \u0130zleme, trafik, kamp\u00fcs, deprem, harita vb. gibi co\u011frafi bilgi sistemleri konular\u0131nda insans\u0131z hava ara\u00e7lar\u0131n\u0131n hizmet kapasitelerini ara\u015ft\u0131rmak , sekt\u00f6r\u00fcn ihtiya\u00e7lar\u0131n\u0131 belirlemek, belirlenen ihtiya\u00e7lar do\u011frultusunda \u00fcr\u00fcnler olu\u015fturabilmek.<\/p>\n<p>4-\u00a0 B\u00f6lgesel konum avantajlar\u0131n\u0131 kullanarak kaliteli \u00fcr\u00fcn ve servis yelpazesini kom\u015fu \u00fclkelerde de sunabilmek<\/p>\n<p>5- \u0130nsani yard\u0131m, acil durum ve afet b\u00f6lgesi tespitlerinde \u00f6nc\u00fc rol\u00fc alabilmek.<\/p>\n<p class=\"td1\">6- Do\u011fal hayat\u0131 ve \u00c7evre koruma sosyal projeleri desteklerinde bulabilmek.<\/p>\n<\/div><\/div>\r\n\t\t<\/div><div class=\"bt_bb_tab_item\">\r\n\t\t\t<div class=\"bt_bb_tab_content\"><div  class=\"bt_bb_text\" ><p class=\"td1\"><strong>25 y\u0131l\u0131 a\u015fk\u0131n deneyimizin bize sa\u011flad\u0131\u011f\u0131 yeteneklerimiz do\u011frultusunda <\/strong>farkl\u0131 insanl\u0131, \u00a0insans\u0131z, robotik ara\u00e7larla <strong>Otomatik tan\u0131mlama ve veri yakalama<\/strong> ( AIDC ) methodlar\u0131 ile toplanan datalar\u0131 anlamd\u0131r\u0131r, i\u015flenir hale getirir ve bu i\u015flenen datalarla olu\u015fturulan\u00a0 raporlar\u0131 End\u00fcstrinin farkl\u0131 konular\u0131nda hizmet veren m\u00fc\u015fterilerine sunar.<\/p>\n<\/div><\/div>\r\n\t\t<\/div><\/div><\/div><\/div><\/div><div  class=\"bt_bb_column col-xl-4 bt_bb_align_left bt_bb_vertical_align_top bt_bb_animation_fade_in move_left animate bt_bb_padding_normal\"  data-width=\"4\" data-bt-override-class=\"{}\"><div class=\"bt_bb_column_content\"><div class=\"bt_bb_separator bt_bb_bottom_spacing_normal bt_bb_border_style_none\"><\/div><div class=\"bt_bb_image bt_bb_shape_square bt_bb_align_inherit bt_bb_hover_style_simple bt_bb_content_display_always bt_bb_content_align_middle\" data-bt-override-class=\"{}\"><span><img width=\"1200\" height=\"720\" src=\"https:\/\/www.dronecare.com.tr\/wp-content\/uploads\/2017\/12\/inner_product_01.png\" class=\"attachment-full size-full\" alt=\"\n\t\t\t\t\t\t\" decoding=\"async\" data-full_image_src=\"https:\/\/www.dronecare.com.tr\/wp-content\/uploads\/2017\/12\/inner_product_01.png\" title=\"inner_product_01\" srcset=\"https:\/\/www.dronecare.com.tr\/wp-content\/uploads\/2017\/12\/inner_product_01.png 1200w, https:\/\/www.dronecare.com.tr\/wp-content\/uploads\/2017\/12\/inner_product_01-640x384.png 640w, https:\/\/www.dronecare.com.tr\/wp-content\/uploads\/2017\/12\/inner_product_01-768x461.png 768w, https:\/\/www.dronecare.com.tr\/wp-content\/uploads\/2017\/12\/inner_product_01-320x192.png 320w\" sizes=\"(max-width: 1200px) 100vw, 1200px\" \/><\/span><\/div><div class=\"bt_bb_separator bt_bb_bottom_spacing_normal bt_bb_border_style_none\"><\/div><\/div><\/div><\/div><\/div><\/div><\/div><\/div><\/section><section id=\"bt_bb_section69f47bf56cc4e\"  class=\"bt_bb_section bt_bb_top_spacing_large bt_bb_bottom_spacing_large bt_bb_layout_boxed_1200 bt_bb_vertical_align_top\" ><div class=\"bt_bb_port\"><div class=\"bt_bb_cell\"><div class=\"bt_bb_cell_inner\"><div class=\"bt_bb_row_wrapper\"><div  class=\"bt_bb_row\" ><div  class=\"bt_bb_column col-xl-8 bt_bb_align_left bt_bb_vertical_align_top bt_bb_animation_fade_in animate bt_bb_padding_normal\"  data-width=\"8\" data-bt-override-class=\"{}\"><div class=\"bt_bb_column_content\"><div class=\"bt_bb_accordion bt_bb_style_outline bt_bb_shape_square\"><div class=\"bt_bb_accordion_item\"><div class=\"bt_bb_accordion_item_title\">Who are we?<\/div><div class=\"bt_bb_accordion_item_content\"><div  class=\"bt_bb_text\" >\n<p>In line with our capabilities provided by our experience of more than 25 years, we prepare and process the data collected with automatic identification and data capture (AIDC) methods by different manned, unmanned, robotic vehicles. Then we present the reports of this processed data to our customers serving in different fields of the industry.<\/p>\n<\/div>\n<\/div><\/div><div class=\"bt_bb_accordion_item\"><div class=\"bt_bb_accordion_item_title\">Our Mission<\/div><div class=\"bt_bb_accordion_item_content\"><div  class=\"bt_bb_text\" >\n<p>Dronecare, established within IKARUS Aviation which has been serving since 1995, has been continuing its Industrial Technological Solution services in many fields since 2016. As DroneCare, our mission is to offer our customers the highest quality service including a wide range of unmanned aerial vehicles, which are rapidly spreading across the world, relying on our technology, competence in the field and meticulous application. We also aspire to become a leading company of the sector not only in Turkey in but also in the region.<\/p>\n<\/div>\n<\/div><\/div><div class=\"bt_bb_accordion_item\"><div class=\"bt_bb_accordion_item_title\">Our Vision<\/div><div class=\"bt_bb_accordion_item_content\"><div  class=\"bt_bb_text\" >\n<p>1- To follow technological advancements in UAS closely, adapt these advancements and carry them further.<\/p>\n<p>2- To investigate the potential and advantages of UAS in renewable energy sectors such as wind, solar, hydroelectric as well as natural gas, oil, coal, and nuclear energy; to find out the needs in the sector and create products to meet them.<\/p>\n<p>3- To investigate the potential and advantages of UAS in agriculture, mining, urbanization, land and cadaster, logistics, domestic security, vehicle tracking, mapping, traffic, earthquakes, etc.; to find out the needs in the sector and create products to meet them.<\/p>\n<p>4- To provide quality products and services in the neighboring countries, too, making use of the geographical advantage of Turkey.<\/p>\n<p>5- To have a leading role in humanitarian support, emergencies, and disaster areas.<\/p>\n<p>6- To support social projects for the protection of Natural Life and Environment.<\/p>\n<\/div>\n<\/div><\/div><\/div><\/div><\/div><div  class=\"bt_bb_column col-xl-4 bt_bb_align_left bt_bb_vertical_align_top bt_bb_animation_fade_in move_left animate bt_bb_padding_normal\"  data-width=\"4\" data-bt-override-class=\"{}\"><div class=\"bt_bb_column_content\"><div class=\"bt_bb_separator bt_bb_bottom_spacing_normal bt_bb_border_style_none\"><\/div><div class=\"bt_bb_image bt_bb_shape_square bt_bb_align_inherit bt_bb_hover_style_simple bt_bb_content_display_always bt_bb_content_align_middle\" data-bt-override-class=\"{}\"><span><img width=\"1200\" height=\"720\" src=\"https:\/\/www.dronecare.com.tr\/wp-content\/uploads\/2017\/12\/inner_product_01.png\" class=\"attachment-full size-full\" alt=\"\n\t\t\t\t\t\t\" decoding=\"async\" data-full_image_src=\"https:\/\/www.dronecare.com.tr\/wp-content\/uploads\/2017\/12\/inner_product_01.png\" title=\"inner_product_01\" srcset=\"https:\/\/www.dronecare.com.tr\/wp-content\/uploads\/2017\/12\/inner_product_01.png 1200w, https:\/\/www.dronecare.com.tr\/wp-content\/uploads\/2017\/12\/inner_product_01-640x384.png 640w, https:\/\/www.dronecare.com.tr\/wp-content\/uploads\/2017\/12\/inner_product_01-768x461.png 768w, https:\/\/www.dronecare.com.tr\/wp-content\/uploads\/2017\/12\/inner_product_01-320x192.png 320w\" sizes=\"(max-width: 1200px) 100vw, 1200px\" \/><\/span><\/div><div class=\"bt_bb_separator bt_bb_bottom_spacing_normal bt_bb_border_style_none\"><\/div><\/div><\/div><\/div><\/div><\/div><\/div><\/div><\/section><section id=\"bt_bb_section69f47bf56ceff\"  class=\"bt_bb_section bt_bb_layout_boxed_1200 bt_bb_vertical_align_top\" ><div class=\"bt_bb_port\"><div class=\"bt_bb_cell\"><div class=\"bt_bb_cell_inner\"><div class=\"bt_bb_row_wrapper\"><div  class=\"bt_bb_row\" ><div  class=\"bt_bb_column col-xl-12 col-xs-12 col-sm-12 col-md-12 col-lg-12 bt_bb_align_left bt_bb_vertical_align_top bt_bb_padding_normal\"  data-width=\"12\" data-bt-override-class=\"{}\"><div class=\"bt_bb_column_content\"><header id=\"certificate\" class=\"bt_bb_headline bt_bb_dash_none bt_bb_size_inherit bt_bb_align_inherit\" data-bt-override-class=\"{&quot;bt_bb_size_&quot;:{&quot;current_class&quot;:&quot;bt_bb_size_inherit&quot;,&quot;xl&quot;:&quot;inherit&quot;},&quot;bt_bb_align_&quot;:{&quot;current_class&quot;:&quot;bt_bb_align_inherit&quot;,&quot;xl&quot;:&quot;inherit&quot;}}\"><h2 class=\"bt_bb_headline_tag\"><span class=\"bt_bb_headline_content\"><span>Our Qualification Documents<\/span><\/span><\/h2><\/header><div class=\"bt_bb_separator bt_bb_bottom_spacing_normal bt_bb_border_style_none\"><\/div><div class=\"bt_bb_masonry_image_grid bt_bb_grid_container bt_bb_columns_4 bt_bb_gap_small\" data-columns=\"4\"><div class=\"bt_bb_masonry_post_image_content\" data-columns=\"4\"><div class=\"bt_bb_grid_sizer\"><\/div><div class=\"bt_bb_grid_item bt_bb_tile_format11\" data-hw=\"1.375\" data-src=\"https:\/\/www.dronecare.com.tr\/wp-content\/uploads\/2021\/10\/cerificate-iso-450012018-640x880.jpeg\" data-src-full=\"https:\/\/www.dronecare.com.tr\/wp-content\/uploads\/2021\/10\/cerificate-iso-450012018.jpeg\" data-title=\"cerificate iso 450012018\"><div class=\"bt_bb_grid_item_inner\" data-hw=\"1.375\" ><div class=\"bt_bb_grid_item_inner_image\"><\/div><div class=\"bt_bb_grid_item_inner_content\"><\/div><\/div><\/div><div class=\"bt_bb_grid_item bt_bb_tile_format11\" data-hw=\"1.375\" data-src=\"https:\/\/www.dronecare.com.tr\/wp-content\/uploads\/2021\/10\/certificate-iso-90012015-640x880.jpeg\" data-src-full=\"https:\/\/www.dronecare.com.tr\/wp-content\/uploads\/2021\/10\/certificate-iso-90012015.jpeg\" data-title=\"certificate iso 90012015\"><div class=\"bt_bb_grid_item_inner\" data-hw=\"1.375\" ><div class=\"bt_bb_grid_item_inner_image\"><\/div><div class=\"bt_bb_grid_item_inner_content\"><\/div><\/div><\/div><div class=\"bt_bb_grid_item bt_bb_tile_format11\" data-hw=\"1.375\" data-src=\"https:\/\/www.dronecare.com.tr\/wp-content\/uploads\/2021\/10\/certificate-iso-140012015-640x880.jpeg\" data-src-full=\"https:\/\/www.dronecare.com.tr\/wp-content\/uploads\/2021\/10\/certificate-iso-140012015.jpeg\" data-title=\"certificate iso 140012015\"><div class=\"bt_bb_grid_item_inner\" data-hw=\"1.375\" ><div class=\"bt_bb_grid_item_inner_image\"><\/div><div class=\"bt_bb_grid_item_inner_content\"><\/div><\/div><\/div><div class=\"bt_bb_grid_item bt_bb_tile_format11\" data-hw=\"1.375\" data-src=\"https:\/\/www.dronecare.com.tr\/wp-content\/uploads\/2021\/10\/certificate-iso-iec-270012013-640x880.jpeg\" data-src-full=\"https:\/\/www.dronecare.com.tr\/wp-content\/uploads\/2021\/10\/certificate-iso-iec-270012013.jpeg\" data-title=\"certificate iso iec 270012013\"><div class=\"bt_bb_grid_item_inner\" data-hw=\"1.375\" ><div class=\"bt_bb_grid_item_inner_image\"><\/div><div class=\"bt_bb_grid_item_inner_content\"><\/div><\/div><\/div><\/div><\/div><\/div><\/div><\/div><\/div><\/div><\/div><\/div><\/section><section id=\"bt_bb_section69f47bf56d6b2\"  class=\"bt_bb_section bt_bb_top_spacing_normal bt_bb_bottom_spacing_normal bt_bb_layout_boxed_1200 bt_bb_vertical_align_top\" ><div class=\"bt_bb_port\"><div class=\"bt_bb_cell\"><div class=\"bt_bb_cell_inner\"><div class=\"bt_bb_row_wrapper\"><div  class=\"bt_bb_row\" ><div  class=\"bt_bb_column col-xl-12 bt_bb_align_center bt_bb_vertical_align_middle bt_bb_animation_fade_in animate bt_bb_padding_normal\"  data-width=\"12\" data-bt-override-class=\"{}\"><div class=\"bt_bb_column_content\"><header class=\"bt_bb_headline bt_bb_dash_none bt_bb_size_normal bt_bb_align_inherit\" data-bt-override-class=\"{&quot;bt_bb_size_&quot;:{&quot;current_class&quot;:&quot;bt_bb_size_normal&quot;,&quot;xl&quot;:&quot;normal&quot;},&quot;bt_bb_align_&quot;:{&quot;current_class&quot;:&quot;bt_bb_align_inherit&quot;,&quot;xl&quot;:&quot;inherit&quot;}}\"><h3 class=\"bt_bb_headline_tag\"><span class=\"bt_bb_headline_content\"><span>Our Team<\/span><\/span><\/h3><\/header><div class=\"bt_bb_separator bt_bb_bottom_spacing_medium bt_bb_border_style_none\"><\/div><\/div><\/div><\/div><\/div><div class=\"bt_bb_row_wrapper\"><div  class=\"bt_bb_row bt_bb_column_gap_30\" ><div  class=\"bt_bb_column col-xl-12 col-xs-12 col-sm-12 col-md-12 col-lg-12 bt_bb_align_left bt_bb_vertical_align_top bt_bb_padding_normal bt_bb_column_background_image\" style=\"background-image:url(&#039;https:\/\/www.dronecare.com.tr\/wp-content\/uploads\/2024\/04\/team1-scaled.jpg&#039;);\" data-width=\"12\" data-bt-override-class=\"{&quot;bt_bb_align_&quot;:{&quot;current_class&quot;:&quot;bt_bb_align_left&quot;,&quot;xl&quot;:&quot;left&quot;}}\"><div class=\"bt_bb_column_content\"><div class=\"bt_bb_separator bt_bb_top_spacing_extra_large bt_bb_bottom_spacing_extra_large bt_bb_border_style_none\"><\/div><div class=\"bt_bb_separator bt_bb_top_spacing_extra_large bt_bb_bottom_spacing_extra_large bt_bb_border_style_none\"><\/div><div class=\"bt_bb_separator bt_bb_bottom_spacing_normal bt_bb_border_style_none\"><\/div><\/div><\/div><\/div><\/div><div class=\"bt_bb_row_wrapper\"><div  class=\"bt_bb_row bt_bb_column_gap_30\" ><div  class=\"bt_bb_column col-xl-12 col-xs-12 col-sm-12 col-md-12 col-lg-12 bt_bb_align_left bt_bb_vertical_align_top bt_bb_padding_normal\"  data-width=\"12\" data-bt-override-class=\"{&quot;bt_bb_align_&quot;:{&quot;current_class&quot;:&quot;bt_bb_align_left&quot;,&quot;xl&quot;:&quot;left&quot;}}\"><div class=\"bt_bb_column_content\"><div class=\"bt_bb_separator bt_bb_bottom_spacing_normal bt_bb_border_style_none\"><\/div><\/div><\/div><\/div><\/div><div class=\"bt_bb_row_wrapper\"><div  class=\"bt_bb_row bt_bb_column_gap_30\" ><div  class=\"bt_bb_column col-xl-12 col-xs-12 col-sm-12 col-md-12 col-lg-12 bt_bb_align_left bt_bb_vertical_align_top bt_bb_padding_normal bt_bb_column_background_image\" style=\"background-image:url(&#039;https:\/\/www.dronecare.com.tr\/wp-content\/uploads\/2024\/04\/team2-scaled.jpg&#039;);\" data-width=\"12\" data-bt-override-class=\"{&quot;bt_bb_align_&quot;:{&quot;current_class&quot;:&quot;bt_bb_align_left&quot;,&quot;xl&quot;:&quot;left&quot;}}\"><div class=\"bt_bb_column_content\"><div class=\"bt_bb_separator bt_bb_top_spacing_extra_large bt_bb_bottom_spacing_extra_large bt_bb_border_style_none\"><\/div><div class=\"bt_bb_separator bt_bb_top_spacing_extra_large bt_bb_bottom_spacing_extra_large bt_bb_border_style_none\"><\/div><div class=\"bt_bb_separator bt_bb_bottom_spacing_normal bt_bb_border_style_none\"><\/div><\/div><\/div><\/div><\/div><div class=\"bt_bb_row_wrapper\"><div  class=\"bt_bb_row bt_bb_column_gap_30\" ><div  class=\"bt_bb_column col-xl-12 col-xs-12 col-sm-12 col-md-12 col-lg-12 bt_bb_align_left bt_bb_vertical_align_top bt_bb_padding_normal\"  data-width=\"12\" data-bt-override-class=\"{&quot;bt_bb_align_&quot;:{&quot;current_class&quot;:&quot;bt_bb_align_left&quot;,&quot;xl&quot;:&quot;left&quot;}}\"><div class=\"bt_bb_column_content\"><div class=\"bt_bb_separator bt_bb_bottom_spacing_normal bt_bb_border_style_none\"><\/div><\/div><\/div><\/div><\/div><div class=\"bt_bb_row_wrapper\"><div  class=\"bt_bb_row bt_bb_column_gap_30\" ><div  class=\"bt_bb_column col-xl-12 col-xs-12 col-sm-12 col-md-12 col-lg-12 bt_bb_align_left bt_bb_vertical_align_top bt_bb_padding_normal bt_bb_column_background_image\" style=\"background-image:url(&#039;https:\/\/www.dronecare.com.tr\/wp-content\/uploads\/2024\/04\/team3-scaled.jpg&#039;);\" data-width=\"12\" data-bt-override-class=\"{&quot;bt_bb_align_&quot;:{&quot;current_class&quot;:&quot;bt_bb_align_left&quot;,&quot;xl&quot;:&quot;left&quot;}}\"><div class=\"bt_bb_column_content\"><div class=\"bt_bb_separator bt_bb_top_spacing_extra_large bt_bb_bottom_spacing_extra_large bt_bb_border_style_none\"><\/div><div class=\"bt_bb_separator bt_bb_top_spacing_extra_large bt_bb_bottom_spacing_extra_large bt_bb_border_style_none\"><\/div><div class=\"bt_bb_separator bt_bb_bottom_spacing_normal bt_bb_border_style_none\"><\/div><\/div><\/div><\/div><\/div><div class=\"bt_bb_row_wrapper\"><div  class=\"bt_bb_row bt_bb_column_gap_30\" ><div  class=\"bt_bb_column col-xl-12 col-xs-12 col-sm-12 col-md-12 col-lg-12 bt_bb_align_left bt_bb_vertical_align_top bt_bb_padding_normal\"  data-width=\"12\" data-bt-override-class=\"{&quot;bt_bb_align_&quot;:{&quot;current_class&quot;:&quot;bt_bb_align_left&quot;,&quot;xl&quot;:&quot;left&quot;}}\"><div class=\"bt_bb_column_content\"><div class=\"bt_bb_separator bt_bb_bottom_spacing_normal bt_bb_border_style_none\"><\/div><\/div><\/div><\/div><\/div><div class=\"bt_bb_row_wrapper\"><div  class=\"bt_bb_row bt_bb_column_gap_30\" ><div  class=\"bt_bb_column col-xl-12 col-xs-12 col-sm-12 col-md-12 col-lg-12 bt_bb_align_left bt_bb_vertical_align_top bt_bb_padding_normal bt_bb_column_background_image\" style=\"background-image:url(&#039;https:\/\/www.dronecare.com.tr\/wp-content\/uploads\/2024\/04\/team4-scaled.jpg&#039;);\" data-width=\"12\" data-bt-override-class=\"{&quot;bt_bb_align_&quot;:{&quot;current_class&quot;:&quot;bt_bb_align_left&quot;,&quot;xl&quot;:&quot;left&quot;}}\"><div class=\"bt_bb_column_content\"><div class=\"bt_bb_separator bt_bb_top_spacing_extra_large bt_bb_bottom_spacing_extra_large bt_bb_border_style_none\"><\/div><div class=\"bt_bb_separator bt_bb_top_spacing_extra_large bt_bb_bottom_spacing_extra_large bt_bb_border_style_none\"><\/div><div class=\"bt_bb_separator bt_bb_bottom_spacing_normal bt_bb_border_style_none\"><\/div><\/div><\/div><\/div><\/div><div class=\"bt_bb_row_wrapper\"><div  class=\"bt_bb_row\" ><div  class=\"bt_bb_column col-xl-12 col-xs-12 col-sm-12 col-md-12 col-lg-12 bt_bb_align_center bt_bb_vertical_align_top bt_bb_animation_fade_in animate bt_bb_padding_normal\"  data-width=\"12\" data-bt-override-class=\"{}\"><div class=\"bt_bb_column_content\"><div class=\"bt_bb_separator bt_bb_top_spacing_normal bt_bb_bottom_spacing_normal bt_bb_border_style_none\"><\/div><\/div><\/div><\/div><\/div><div class=\"bt_bb_row_wrapper\"><div  class=\"bt_bb_row\" ><div  class=\"bt_bb_column col-xl-12 col-xs-12 col-sm-12 col-md-12 col-lg-12 bt_bb_align_center bt_bb_vertical_align_top bt_bb_animation_fade_in animate bt_bb_padding_normal\"  data-width=\"12\" data-bt-override-class=\"{}\"><div class=\"bt_bb_column_content\"><div class=\"bt_bb_separator bt_bb_top_spacing_normal bt_bb_bottom_spacing_normal bt_bb_border_style_none\"><\/div><div class=\"bt_bb_button bt_bb_icon_position_left bt_bb_color_scheme_10 bt_bb_style_filled bt_bb_size_medium bt_bb_width_inline bt_bb_shape_inherit bt_bb_align_inherit\" data-bt-override-class=\"{&quot;bt_bb_size_&quot;:{&quot;current_class&quot;:&quot;bt_bb_size_medium&quot;,&quot;xl&quot;:&quot;medium&quot;},&quot;bt_bb_align_&quot;:{&quot;current_class&quot;:&quot;bt_bb_align_inherit&quot;,&quot;xl&quot;:&quot;inherit&quot;}}\"><a href=\"\/en\/contact-us\/\" target=\"_self\" class=\"bt_bb_link\" title=\"Contact Us\"><span class=\"bt_bb_button_text\">Contact Us<\/span><\/a><\/div><\/div><\/div><\/div><\/div><\/div><\/div><\/div><\/section><\/div>","protected":false},"excerpt":{"rendered":"","protected":false},"author":1,"featured_media":0,"parent":0,"menu_order":0,"comment_status":"closed","ping_status":"closed","template":"","meta":[],"_links":{"self":[{"href":"https:\/\/www.dronecare.com.tr\/en\/wp-json\/wp\/v2\/pages\/4551"}],"collection":[{"href":"https:\/\/www.dronecare.com.tr\/en\/wp-json\/wp\/v2\/pages"}],"about":[{"href":"https:\/\/www.dronecare.com.tr\/en\/wp-json\/wp\/v2\/types\/page"}],"author":[{"embeddable":true,"href":"https:\/\/www.dronecare.com.tr\/en\/wp-json\/wp\/v2\/users\/1"}],"replies":[{"embeddable":true,"href":"https:\/\/www.dronecare.com.tr\/en\/wp-json\/wp\/v2\/comments?post=4551"}],"version-history":[{"count":9,"href":"https:\/\/www.dronecare.com.tr\/en\/wp-json\/wp\/v2\/pages\/4551\/revisions"}],"predecessor-version":[{"id":4841,"href":"https:\/\/www.dronecare.com.tr\/en\/wp-json\/wp\/v2\/pages\/4551\/revisions\/4841"}],"wp:attachment":[{"href":"https:\/\/www.dronecare.com.tr\/en\/wp-json\/wp\/v2\/media?parent=4551"}],"curies":[{"name":"wp","href":"https:\/\/api.w.org\/{rel}","templated":true}]}}